{"id":829,"date":"2019-03-02T06:18:53","date_gmt":"2019-03-02T06:18:53","guid":{"rendered":"https:\/\/olivinstone.com\/?page_id=829"},"modified":"2019-07-05T12:55:29","modified_gmt":"2019-07-05T12:55:29","slug":"creative","status":"publish","type":"page","link":"https:\/\/olivinstone.com\/en\/creative\/","title":{"rendered":"Creative"},"content":{"rendered":"","protected":false},"excerpt":{"rendered":"","protected":false},"author":1,"featured_media":0,"parent":0,"menu_order":0,"comment_status":"closed","ping_status":"closed","template":"","meta":[],"yoast_head":"<!-- This site is optimized with the Yoast SEO plugin v20.0 - https:\/\/yoast.com\/wordpress\/plugins\/seo\/ -->\n<title>Creative - Olivin Stone<\/title>\n<meta name=\"robots\" content=\"index, follow, max-snippet:-1, max-image-preview:large, max-video-preview:-1\" \/>\n<link rel=\"canonical\" href=\"https:\/\/olivinstone.com\/en\/creative\/\" \/>\n<meta property=\"og:locale\" content=\"en_US\" \/>\n<meta property=\"og:type\" content=\"article\" \/>\n<meta property=\"og:title\" content=\"Creative - Olivin Stone\" \/>\n<meta property=\"og:url\" content=\"https:\/\/olivinstone.com\/en\/creative\/\" \/>\n<meta property=\"og:site_name\" content=\"Olivin Stone\" \/>\n<meta property=\"article:publisher\" content=\"https:\/\/www.facebook.com\/yuzakyapiolivinstone\/\" \/>\n<meta property=\"article:modified_time\" content=\"2019-07-05T12:55:29+00:00\" \/>\n<meta name=\"twitter:card\" content=\"summary_large_image\" \/>\n<script type=\"application\/ld+json\" class=\"yoast-schema-graph\">{\"@context\":\"https:\/\/schema.org\",\"@graph\":[{\"@type\":\"WebPage\",\"@id\":\"https:\/\/olivinstone.com\/en\/creative\/\",\"url\":\"https:\/\/olivinstone.com\/en\/creative\/\",\"name\":\"Creative - Olivin Stone\",\"isPartOf\":{\"@id\":\"https:\/\/olivinstone.com\/#website\"},\"datePublished\":\"2019-03-02T06:18:53+00:00\",\"dateModified\":\"2019-07-05T12:55:29+00:00\",\"breadcrumb\":{\"@id\":\"https:\/\/olivinstone.com\/en\/creative\/#breadcrumb\"},\"inLanguage\":\"en-US\",\"potentialAction\":[{\"@type\":\"ReadAction\",\"target\":[\"https:\/\/olivinstone.com\/en\/creative\/\"]}]},{\"@type\":\"BreadcrumbList\",\"@id\":\"https:\/\/olivinstone.com\/en\/creative\/#breadcrumb\",\"itemListElement\":[{\"@type\":\"ListItem\",\"position\":1,\"name\":\"Ana Sayfa\",\"item\":\"https:\/\/olivinstone.com\/en\/\"},{\"@type\":\"ListItem\",\"position\":2,\"name\":\"Creative\"}]},{\"@type\":\"WebSite\",\"@id\":\"https:\/\/olivinstone.com\/#website\",\"url\":\"https:\/\/olivinstone.com\/\",\"name\":\"Olivin Stone\",\"description\":\"K\u00fclt\u00fcr Tu\u011flalar\u0131 - K\u00fclt\u00fcr Ta\u015flar\u0131\",\"publisher\":{\"@id\":\"https:\/\/olivinstone.com\/#organization\"},\"potentialAction\":[{\"@type\":\"SearchAction\",\"target\":{\"@type\":\"EntryPoint\",\"urlTemplate\":\"https:\/\/olivinstone.com\/?s={search_term_string}\"},\"query-input\":\"required name=search_term_string\"}],\"inLanguage\":\"en-US\"},{\"@type\":\"Organization\",\"@id\":\"https:\/\/olivinstone.com\/#organization\",\"name\":\"Olivin Stone K\u00fclt\u00fcr ta\u015flar\u0131 K\u00fclt\u00fcr tu\u011flalar\u0131\",\"url\":\"https:\/\/olivinstone.com\/\",\"logo\":{\"@type\":\"ImageObject\",\"inLanguage\":\"en-US\",\"@id\":\"https:\/\/olivinstone.com\/#\/schema\/logo\/image\/\",\"url\":\"https:\/\/olivinstone.com\/wp-content\/uploads\/2020\/06\/olivin-logo-r.png\",\"contentUrl\":\"https:\/\/olivinstone.com\/wp-content\/uploads\/2020\/06\/olivin-logo-r.png\",\"width\":732,\"height\":218,\"caption\":\"Olivin Stone K\u00fclt\u00fcr ta\u015flar\u0131 K\u00fclt\u00fcr tu\u011flalar\u0131\"},\"image\":{\"@id\":\"https:\/\/olivinstone.com\/#\/schema\/logo\/image\/\"},\"sameAs\":[\"https:\/\/www.instagram.com\/olivinstone\/\",\"https:\/\/www.facebook.com\/yuzakyapiolivinstone\/\"]}]}<\/script>\n<!-- \/ Yoast SEO plugin. -->","yoast_head_json":{"title":"Creative - Olivin Stone","robots":{"index":"index","follow":"follow","max-snippet":"max-snippet:-1","max-image-preview":"max-image-preview:large","max-video-preview":"max-video-preview:-1"},"canonical":"https:\/\/olivinstone.com\/en\/creative\/","og_locale":"en_US","og_type":"article","og_title":"Creative - Olivin Stone","og_url":"https:\/\/olivinstone.com\/en\/creative\/","og_site_name":"Olivin Stone","article_publisher":"https:\/\/www.facebook.com\/yuzakyapiolivinstone\/","article_modified_time":"2019-07-05T12:55:29+00:00","twitter_card":"summary_large_image","schema":{"@context":"https:\/\/schema.org","@graph":[{"@type":"WebPage","@id":"https:\/\/olivinstone.com\/en\/creative\/","url":"https:\/\/olivinstone.com\/en\/creative\/","name":"Creative - Olivin Stone","isPartOf":{"@id":"https:\/\/olivinstone.com\/#website"},"datePublished":"2019-03-02T06:18:53+00:00","dateModified":"2019-07-05T12:55:29+00:00","breadcrumb":{"@id":"https:\/\/olivinstone.com\/en\/creative\/#breadcrumb"},"inLanguage":"en-US","potentialAction":[{"@type":"ReadAction","target":["https:\/\/olivinstone.com\/en\/creative\/"]}]},{"@type":"BreadcrumbList","@id":"https:\/\/olivinstone.com\/en\/creative\/#breadcrumb","itemListElement":[{"@type":"ListItem","position":1,"name":"Ana Sayfa","item":"https:\/\/olivinstone.com\/en\/"},{"@type":"ListItem","position":2,"name":"Creative"}]},{"@type":"WebSite","@id":"https:\/\/olivinstone.com\/#website","url":"https:\/\/olivinstone.com\/","name":"Olivin Stone","description":"K\u00fclt\u00fcr Tu\u011flalar\u0131 - K\u00fclt\u00fcr Ta\u015flar\u0131","publisher":{"@id":"https:\/\/olivinstone.com\/#organization"},"potentialAction":[{"@type":"SearchAction","target":{"@type":"EntryPoint","urlTemplate":"https:\/\/olivinstone.com\/?s={search_term_string}"},"query-input":"required name=search_term_string"}],"inLanguage":"en-US"},{"@type":"Organization","@id":"https:\/\/olivinstone.com\/#organization","name":"Olivin Stone K\u00fclt\u00fcr ta\u015flar\u0131 K\u00fclt\u00fcr tu\u011flalar\u0131","url":"https:\/\/olivinstone.com\/","logo":{"@type":"ImageObject","inLanguage":"en-US","@id":"https:\/\/olivinstone.com\/#\/schema\/logo\/image\/","url":"https:\/\/olivinstone.com\/wp-content\/uploads\/2020\/06\/olivin-logo-r.png","contentUrl":"https:\/\/olivinstone.com\/wp-content\/uploads\/2020\/06\/olivin-logo-r.png","width":732,"height":218,"caption":"Olivin Stone K\u00fclt\u00fcr ta\u015flar\u0131 K\u00fclt\u00fcr tu\u011flalar\u0131"},"image":{"@id":"https:\/\/olivinstone.com\/#\/schema\/logo\/image\/"},"sameAs":["https:\/\/www.instagram.com\/olivinstone\/","https:\/\/www.facebook.com\/yuzakyapiolivinstone\/"]}]}},"_links":{"self":[{"href":"https:\/\/olivinstone.com\/en\/wp-json\/wp\/v2\/pages\/829\/"}],"collection":[{"href":"https:\/\/olivinstone.com\/en\/wp-json\/wp\/v2\/pages\/"}],"about":[{"href":"https:\/\/olivinstone.com\/en\/wp-json\/wp\/v2\/types\/page\/"}],"author":[{"embeddable":true,"href":"https:\/\/olivinstone.com\/en\/wp-json\/wp\/v2\/users\/1\/"}],"replies":[{"embeddable":true,"href":"https:\/\/olivinstone.com\/en\/wp-json\/wp\/v2\/comments\/?post=829"}],"version-history":[{"count":1,"href":"https:\/\/olivinstone.com\/en\/wp-json\/wp\/v2\/pages\/829\/revisions\/"}],"predecessor-version":[{"id":838,"href":"https:\/\/olivinstone.com\/en\/wp-json\/wp\/v2\/pages\/829\/revisions\/838\/"}],"wp:attachment":[{"href":"https:\/\/olivinstone.com\/en\/wp-json\/wp\/v2\/media\/?parent=829"}],"curies":[{"name":"wp","href":"https:\/\/api.w.org\/{rel}","templated":true}]}}